{"id":177,"date":"2025-11-22T08:01:48","date_gmt":"2025-11-22T07:01:48","guid":{"rendered":"https:\/\/phanto.media\/?page_id=177"},"modified":"2025-11-22T08:45:43","modified_gmt":"2025-11-22T07:45:43","slug":"dedland-outlaws-das-buch-zum-game","status":"publish","type":"page","link":"https:\/\/phanto.media\/de\/dedland-outlaws-das-buch-zum-game\/","title":{"rendered":"Dedland Outlaws &#8211; Das Buch zum Game"},"content":{"rendered":"<div class=\"wpb-content-wrapper\"><p>[vc_section full_width=&#8220;stretch_row&#8220; css=&#8220;.vc_custom_1763796640095{background-image: url(https:\/\/phanto.media\/wp-content\/uploads\/2025\/11\/headerPost.jpg?id=183) !important;}&#8220; el_class=&#8220;intro-height-200&#8243;][vc_row][vc_column][\/vc_column][\/vc_row][\/vc_section][vc_section][vc_row css=&#8220;.vc_custom_1763796991182{margin-top: 50px !important;margin-bottom: 50px !important;}&#8220;][vc_column][vc_text_separator title=&#8220;Dedland Outlaws&#8220; border_width=&#8220;2&#8243; el_class=&#8220;seperator-gray&#8220;][\/vc_column][\/vc_row][vc_row][vc_column width=&#8220;1\/2&#8243;][vc_single_image image=&#8220;181&#8243; img_size=&#8220;full&#8220; alignment=&#8220;right&#8220;][\/vc_column][vc_column width=&#8220;1\/2&#8243;][vc_column_text]<\/p>\n<h2>Das Buch zum Game, nun verf\u00fcgbar!<\/h2>\n<p>Im Wilden Westen ist der Tod nicht das Ende \u2013er ist erst der Anfang. Erlebe die d\u00fcstere Geschichte von einer Gruppe \u00dcberlebender, als die Toten wieder auferstehen.[\/vc_column_text][vc_btn title=&#8220;Amazon Shop&#8220; style=&#8220;custom&#8220; custom_background=&#8220;#000000&#8243; custom_text=&#8220;#ffffff&#8220; shape=&#8220;square&#8220; size=&#8220;lg&#8220; align=&#8220;left&#8220; link=&#8220;url:https%3A%2F%2Fwww.amazon.de%2FDeadland&#8211;OutlawsOutlaws&#8211;TimTim&#8211;Hertel%2Fdp%2F369519572X%2Fref%3Dsr_1_1%3FcrHertel%2Fdp%2F369519572X%2Fref%3Dsr_1_1|title:Amazon%20Shop|target:_blank&#8220; el_class=&#8220;cta-btn&#8220; css=&#8220;.vc_custom_1763796127605{margin-bottom: 24px !important;}&#8220;][vc_btn title=&#8220;Thalia&#8220; style=&#8220;custom&#8220; custom_background=&#8220;#000000&#8243; custom_text=&#8220;#ffffff&#8220; shape=&#8220;square&#8220; size=&#8220;lg&#8220; align=&#8220;left&#8220; link=&#8220;url:https%3A%2F%2Fwww.thalia.de%2Fshop%2Fhome%2Fartikeldetails%2FA1076950551|title:Thalia|target:_blank&#8220; el_class=&#8220;cta-btn&#8220; css=&#8220;.vc_custom_1763796133607{margin-bottom: 24px !important;}&#8220;][vc_btn title=&#8220;Hugendubel&#8220; style=&#8220;custom&#8220; custom_background=&#8220;#000000&#8243; custom_text=&#8220;#ffffff&#8220; shape=&#8220;square&#8220; size=&#8220;lg&#8220; align=&#8220;left&#8220; link=&#8220;url:https%3A%2F%2Fwww.hugendubel.de%2Fde%2Ftaschenbuch%2Ftim_hertel%2Ftaschenbuch%2Ftim_hertel&#8211;deadland_outlawsdeadland_outlaws&#8211;5180617951806179&#8211;produktprodukt&#8211;details.html%3Fsrsltid%3DAfmBOopLu13JtFJR8gCYXEX4UTY5JQizxkSWX2gEAJsiADdetails.html%3Fsrsltid%3DAfmBOopLu13JtFJR8gCYXEX4UTY5JQizxkSWX2gEAJsiAD&#8212;-jiH6ks7yjiH6ks7y|title:Hugendubel|target:_blank&#8220; el_class=&#8220;cta-btn&#8220; css=&#8220;.vc_custom_1763796139454{margin-bottom: 24px !important;}&#8220;][vc_btn title=&#8220;ebook.de&#8220; style=&#8220;custom&#8220; custom_background=&#8220;#000000&#8243; custom_text=&#8220;#ffffff&#8220; shape=&#8220;square&#8220; size=&#8220;lg&#8220; align=&#8220;left&#8220; link=&#8220;url:https%3A%2F%2Fwww.ebook.de%2Fde%2Fproduct%2F51844195%2Ftim_hertel_deadland_outlaws.html|title:ebook.de|target:_blank&#8220; el_class=&#8220;cta-btn&#8220;][\/vc_column][\/vc_row][\/vc_section][vc_section][vc_row][vc_column][vc_single_image image=&#8220;179&#8243; img_size=&#8220;full&#8220;][\/vc_column][\/vc_row][\/vc_section][vc_section][vc_row][vc_column][vc_column_text]<\/p>\n<h3>Leseprobe :<\/h3>\n<p>[\/vc_column_text][vc_row_inner][vc_column_inner width=&#8220;1\/12&#8243;][\/vc_column_inner][vc_column_inner width=&#8220;5\/6&#8243;][vc_column_text]Die Luft in der Scheune war warm und voller Heugeruch, aber darunter lag etwas anderes, schweres, muffiges. Bill hob die Laterne. Das Licht schwamm \u00fcber Strohballen, Werkzeuge, aufgeh\u00e4ngtes Zaumzeug f\u00fcr die Pferde. Und irgendwo r\u00f6chelte etwas, scharf, sto\u00dfweise.<\/p>\n<p>\u201eDa\u201c, sagte Jim.<\/p>\n<p>Am hinteren Ende, wo die Bretter L\u00fccken hatten und der Mond ein paar d\u00fcnne Finger ins Innere steckte, bewegte sich eine Gestalt. Zu langsam f\u00fcr einen Dieb, zu unbeholfen f\u00fcr einen Mann in Eile. Bill hob die Laterne h\u00f6her.<\/p>\n<p>Das Gesicht, als es aus dem Schatten trat, war einmal das von Zachary Tull gewesen, dem Knecht, der vor einer Woche fortgegangen war, um nach seinen Eltern zu sehen. Die Haut hing ihm jetzt wie zu gro\u00dfe Kleidung vom Sch\u00e4del. Die Lippen waren aufgerissen, die Z\u00e4hne zu sehen, bleich wie Knochen. Seine Augen waren milchig, aber nicht blind. Und sie fanden die beiden. Und sie brauchten keine Worte, um zu sagen, was sie wollten.<\/p>\n<p>Bill sp\u00fcrte, wie ihm der Magen hochkam, nicht aus Ekel, sondern aus etwas, das n\u00e4her an Trauer lag. \u201eZachary\u201c, sagte er, als k\u00f6nnte der Name etwas festnageln, das l\u00e4ngst fort war.<\/p>\n<p>Die Gestalt stie\u00df ein Laute aus \u2013 kein Wort, kein Seufzer. Eher das Echo eines Namens, den jemand in tiefem Wasser ruft. Dann lief er vorw\u00e4rts. Nicht eilig, sondern unaufhaltsam.<\/p>\n<p>\u201eKopf\u201c, sagte Jim leise. \u201eWenn du musst.\u201c<\/p>\n<p>Bill hob das Gewehr. Sein Finger z\u00f6gerte. Er erinnerte sich, wie Zachary gelacht hatte, als die Maulesel durch den frisch geharkten Hof gestapft waren. Wie er \u201eEntschuldigung, Ma\u2019am\u201c zu Irvins Kuh gesagt hatte, als er den Eimer mit dem Futter umgesto\u00dfen hatte. Wie er etwas gesungen hatte, das nach Zuhause klang, wenn die D\u00e4mmerung kam.<\/p>\n<p>Zachary st\u00fcrzte pl\u00f6tzlich vor, schneller, als sein erstiges Schlurfen versprochen hatte, als h\u00e4tte ihn jemand von der Leine gelassen. Bill feuerte. Der R\u00fccksto\u00df fuhr ihm in die Schulter. Zachary fiel \u2013 aber nicht, weil die Kugel ihn aufgehalten h\u00e4tte, sondern weil seine Beine ungeschickt waren. Er w\u00e4lzte sich, stie\u00df ein hohles Knurren aus und k\u00e4mpfte sich auf die Knie.<\/p>\n<p>\u201eKopf, Bill\u201c, sagte Jim. \u201eJetzt.\u201c<\/p>\n<p>Bills Blick sprang zu Jims Augen, und dort fand er keinen Zynismus, keine Hast. Nur die ruhige H\u00e4rte eines Mannes, der wusste, wie man jemanden in seinen zweiten Tod schickt. Bill atmete aus, zielte und dr\u00fcckte ab. Zachary wurde still.<\/p>\n<p>Sie standen lange da, die Laterne in den H\u00e4nden, der Rauch des Schusses in der Luft. Der Windradklang war wieder da. Als w\u00e4re nichts geschehen. Aber Bill wusste, dass die Welt eben leiser geworden war, weil ein Name darin fehlte.<\/p>\n<p>\u201eEs tut mir leid\u201c, sagte Jim.<\/p>\n<p>\u201eMir auch\u201c, erwiderte Bill.<\/p>\n<p>Sie zogen Zacharys Leichnam an den Schuppenrand. Bill machte eine T\u00fcr mit einem Balken zu, den er sonst nie schloss. Dann gingen sie zur\u00fcck zum Haus.[\/vc_column_text][\/vc_column_inner][vc_column_inner width=&#8220;1\/12&#8243;][\/vc_column_inner][\/vc_row_inner][vc_column_text]<\/p>\n<h3>Band II erscheint Ende 2025<\/h3>\n<div id=\"gtx-trans\" style=\"position: absolute; left: 90px; top: -12px;\">\n<div class=\"gtx-trans-icon\"><\/div>\n<\/div>\n<p>[\/vc_column_text][\/vc_column][\/vc_row][\/vc_section][vc_section css=&#8220;.vc_custom_1763797015769{margin-top: 100px !important;margin-bottom: 50px !important;}&#8220;][vc_row][vc_column][vc_text_separator title=&#8220;FAQ&#8220; border_width=&#8220;2&#8243; el_width=&#8220;30&#8243; el_class=&#8220;seperator-gray&#8220;][vc_column_text]<strong>Ist das Buch Deadland Outlaws das offizielle Buchzum Videospiel?<\/strong><br \/>\nJa, es ist das Buch zum Multiplayer Koop-Shooter Deadland Outlaws, verf\u00fcgbar auf Steam (weitere Plattformen sind geplant)<\/p>\n<p><strong>Wie viele Seiten hat das Buch?<\/strong><br \/>\nDas Buch hat 220 Seiten und ist eher f\u00fcr Gelegenheitsleser, oder welche, die tieferin die Geschichte zum gleichnamigen Spiel abtauchen m\u00f6chten.<\/p>\n<p><strong>Wie viele B\u00e4nde sind geplant?<\/strong><br \/>\nStand jetzt sind mindestens sechs B\u00e4nde geplant. Die spannende Geschichte rund um die Outlaws der Totenlanden wird auf jeden Fall weiter gehen.<\/p>\n<p><strong>Sind noch weitereMedien zu Deadland Outlaws geplant?<\/strong><br \/>\nEs sind tats\u00e4chlich noch weitere Medien zu Deadland Outlaws geplant. Neben einem Shooter soll auch noch eine Visual Novel kommen, mit einer anderen Gruppe von Outlaws, aber bekannte Figuren werden Auftritte darin haben.<\/p>\n<div id=\"gtx-trans\" style=\"position: absolute; left: -11px; top: 280px;\">\n<div class=\"gtx-trans-icon\"><\/div>\n<\/div>\n<p>[\/vc_column_text][\/vc_column][\/vc_row][\/vc_section]<\/p>\n<\/div>","protected":false},"excerpt":{"rendered":"<p>Dedland Outlaws &#8211; Das Buch zum Game, nun verf\u00fcgbar!<\/p>\n","protected":false},"author":1,"featured_media":0,"parent":0,"menu_order":0,"comment_status":"closed","ping_status":"closed","template":"","meta":{"footnotes":""},"class_list":["post-177","page","type-page","status-publish","hentry"],"yoast_head":"<!-- This site is optimized with the Yoast SEO plugin v22.4 - https:\/\/yoast.com\/wordpress\/plugins\/seo\/ -->\n<title>Dedland Outlaws - Das Buch zum Game - Phantomedia<\/title>\n<meta name=\"description\" content=\"Dedland Outlaws - Das Buch zum Game, nun verf\u00fcgbar!\" \/>\n<meta name=\"robots\" content=\"index, follow, max-snippet:-1, max-image-preview:large, max-video-preview:-1\" \/>\n<link rel=\"canonical\" href=\"https:\/\/phanto.media\/de\/dedland-outlaws-das-buch-zum-game\/\" \/>\n<meta property=\"og:locale\" content=\"de_DE\" \/>\n<meta property=\"og:type\" content=\"article\" \/>\n<meta property=\"og:title\" content=\"Dedland Outlaws - Das Buch zum Game - Phantomedia\" \/>\n<meta property=\"og:description\" content=\"Dedland Outlaws - Das Buch zum Game, nun verf\u00fcgbar!\" \/>\n<meta property=\"og:url\" content=\"https:\/\/phanto.media\/de\/dedland-outlaws-das-buch-zum-game\/\" \/>\n<meta property=\"og:site_name\" content=\"Phantomedia\" \/>\n<meta property=\"article:modified_time\" content=\"2025-11-22T07:45:43+00:00\" \/>\n<meta name=\"twitter:card\" content=\"summary_large_image\" \/>\n<meta name=\"twitter:label1\" content=\"Gesch\u00e4tzte Lesezeit\" \/>\n\t<meta name=\"twitter:data1\" content=\"4\u00a0Minuten\" \/>\n<script type=\"application\/ld+json\" class=\"yoast-schema-graph\">{\"@context\":\"https:\/\/schema.org\",\"@graph\":[{\"@type\":\"WebPage\",\"@id\":\"https:\/\/phanto.media\/de\/dedland-outlaws-das-buch-zum-game\/\",\"url\":\"https:\/\/phanto.media\/de\/dedland-outlaws-das-buch-zum-game\/\",\"name\":\"Dedland Outlaws - Das Buch zum Game - Phantomedia\",\"isPartOf\":{\"@id\":\"https:\/\/phanto.media\/#website\"},\"datePublished\":\"2025-11-22T07:01:48+00:00\",\"dateModified\":\"2025-11-22T07:45:43+00:00\",\"description\":\"Dedland Outlaws - Das Buch zum Game, nun verf\u00fcgbar!\",\"breadcrumb\":{\"@id\":\"https:\/\/phanto.media\/de\/dedland-outlaws-das-buch-zum-game\/#breadcrumb\"},\"inLanguage\":\"de\",\"potentialAction\":[{\"@type\":\"ReadAction\",\"target\":[\"https:\/\/phanto.media\/de\/dedland-outlaws-das-buch-zum-game\/\"]}]},{\"@type\":\"BreadcrumbList\",\"@id\":\"https:\/\/phanto.media\/de\/dedland-outlaws-das-buch-zum-game\/#breadcrumb\",\"itemListElement\":[{\"@type\":\"ListItem\",\"position\":1,\"name\":\"Home\",\"item\":\"https:\/\/phanto.media\/de\/\"},{\"@type\":\"ListItem\",\"position\":2,\"name\":\"Dedland Outlaws &#8211; Das Buch zum Game\"}]},{\"@type\":\"WebSite\",\"@id\":\"https:\/\/phanto.media\/#website\",\"url\":\"https:\/\/phanto.media\/\",\"name\":\"Phantomedia\",\"description\":\"\",\"inLanguage\":\"de\"}]}<\/script>\n<!-- \/ Yoast SEO plugin. -->","yoast_head_json":{"title":"Dedland Outlaws - Das Buch zum Game - Phantomedia","description":"Dedland Outlaws - Das Buch zum Game, nun verf\u00fcgbar!","robots":{"index":"index","follow":"follow","max-snippet":"max-snippet:-1","max-image-preview":"max-image-preview:large","max-video-preview":"max-video-preview:-1"},"canonical":"https:\/\/phanto.media\/de\/dedland-outlaws-das-buch-zum-game\/","og_locale":"de_DE","og_type":"article","og_title":"Dedland Outlaws - Das Buch zum Game - Phantomedia","og_description":"Dedland Outlaws - Das Buch zum Game, nun verf\u00fcgbar!","og_url":"https:\/\/phanto.media\/de\/dedland-outlaws-das-buch-zum-game\/","og_site_name":"Phantomedia","article_modified_time":"2025-11-22T07:45:43+00:00","twitter_card":"summary_large_image","twitter_misc":{"Gesch\u00e4tzte Lesezeit":"4\u00a0Minuten"},"schema":{"@context":"https:\/\/schema.org","@graph":[{"@type":"WebPage","@id":"https:\/\/phanto.media\/de\/dedland-outlaws-das-buch-zum-game\/","url":"https:\/\/phanto.media\/de\/dedland-outlaws-das-buch-zum-game\/","name":"Dedland Outlaws - Das Buch zum Game - Phantomedia","isPartOf":{"@id":"https:\/\/phanto.media\/#website"},"datePublished":"2025-11-22T07:01:48+00:00","dateModified":"2025-11-22T07:45:43+00:00","description":"Dedland Outlaws - Das Buch zum Game, nun verf\u00fcgbar!","breadcrumb":{"@id":"https:\/\/phanto.media\/de\/dedland-outlaws-das-buch-zum-game\/#breadcrumb"},"inLanguage":"de","potentialAction":[{"@type":"ReadAction","target":["https:\/\/phanto.media\/de\/dedland-outlaws-das-buch-zum-game\/"]}]},{"@type":"BreadcrumbList","@id":"https:\/\/phanto.media\/de\/dedland-outlaws-das-buch-zum-game\/#breadcrumb","itemListElement":[{"@type":"ListItem","position":1,"name":"Home","item":"https:\/\/phanto.media\/de\/"},{"@type":"ListItem","position":2,"name":"Dedland Outlaws &#8211; Das Buch zum Game"}]},{"@type":"WebSite","@id":"https:\/\/phanto.media\/#website","url":"https:\/\/phanto.media\/","name":"Phantomedia","description":"","inLanguage":"de"}]}},"_links":{"self":[{"href":"https:\/\/phanto.media\/de\/wp-json\/wp\/v2\/pages\/177","targetHints":{"allow":["GET"]}}],"collection":[{"href":"https:\/\/phanto.media\/de\/wp-json\/wp\/v2\/pages"}],"about":[{"href":"https:\/\/phanto.media\/de\/wp-json\/wp\/v2\/types\/page"}],"author":[{"embeddable":true,"href":"https:\/\/phanto.media\/de\/wp-json\/wp\/v2\/users\/1"}],"replies":[{"embeddable":true,"href":"https:\/\/phanto.media\/de\/wp-json\/wp\/v2\/comments?post=177"}],"version-history":[{"count":18,"href":"https:\/\/phanto.media\/de\/wp-json\/wp\/v2\/pages\/177\/revisions"}],"predecessor-version":[{"id":201,"href":"https:\/\/phanto.media\/de\/wp-json\/wp\/v2\/pages\/177\/revisions\/201"}],"wp:attachment":[{"href":"https:\/\/phanto.media\/de\/wp-json\/wp\/v2\/media?parent=177"}],"curies":[{"name":"wp","href":"https:\/\/api.w.org\/{rel}","templated":true}]}}