{"id":78,"date":"2024-04-03T09:52:43","date_gmt":"2024-04-03T07:52:43","guid":{"rendered":"https:\/\/phanto.media\/home\/"},"modified":"2025-11-22T07:50:33","modified_gmt":"2025-11-22T06:50:33","slug":"home","status":"publish","type":"page","link":"https:\/\/phanto.media\/de\/","title":{"rendered":"Home"},"content":{"rendered":"<div class=\"wpb-content-wrapper\"><p>[vc_section full_width=&#8220;stretch_row_content&#8220; el_id=&#8220;intro&#8220; css=&#8220;.vc_custom_1712135300249{background-image: url(\/wp-content\/uploads\/2024\/04\/HeaderPicture.png?id=18) !important;}&#8220;][vc_row full_width=&#8220;stretch_row_content_no_spaces&#8220;][vc_column][vc_single_image image=&#8220;18&#8243; img_size=&#8220;full&#8220; alignment=&#8220;center&#8220; css=&#8220;.vc_custom_1712130483110{margin-bottom: 0px !important;}&#8220;][\/vc_column][\/vc_row][\/vc_section][vc_section full_width=&#8220;stretch_row_content&#8220; el_id=&#8220;second-intro&#8220; css=&#8220;.vc_custom_1733817920993{background-image: url(https:\/\/phanto.media\/wp-content\/uploads\/2024\/12\/ScreenShot00113.png?id=101) !important;}&#8220;][vc_row full_width=&#8220;stretch_row_content_no_spaces&#8220;][vc_column][vc_single_image image=&#8220;103&#8243; img_size=&#8220;full&#8220; alignment=&#8220;center&#8220; css=&#8220;.vc_custom_1733817944130{margin-bottom: 0px !important;}&#8220;][\/vc_column][\/vc_row][\/vc_section][vc_section][vc_row][vc_column][vc_column_text]<\/p>\n<div class=\"hr-heading\">\n<hr \/>\n<h1>Sentinal Agency ist nun auf Steam und Epic verf\u00fcgbar!<\/h1>\n<hr \/>\n<\/div>\n<p>[\/vc_column_text][vc_column_text]Liebe Spieler, wir freuen uns, ank\u00fcndigen zu k\u00f6nnen, dass <b>Sentinal Agency<\/b> jetzt auf Steam und Epic Games als Early Access Release verf\u00fcgbar ist!<\/p>\n<p>Schaut euch den Gameplay-Trailer unten an oder holt euch das Spiel sofort auf Steam und Epic Games.[\/vc_column_text][vc_row_inner el_id=&#8220;buy-btn-row&#8220;][vc_column_inner width=&#8220;1\/2&#8243;][vc_btn title=&#8220;Sentinal Agency bei Steam&#8220; size=&#8220;lg&#8220; align=&#8220;center&#8220; link=&#8220;url:https%3A%2F%2Fstore.steampowered.com%2Fapp%2F2951380%2FSentinel_Agency%2F|target:_blank|rel:nofollow&#8220; el_class=&#8220;cta-btn&#8220;][\/vc_column_inner][vc_column_inner width=&#8220;1\/2&#8243;][vc_btn title=&#8220;Sentinal Agency bei Epic Games&#8220; size=&#8220;lg&#8220; align=&#8220;center&#8220; link=&#8220;url:https%3A%2F%2Fstore.epicgames.com%2Fp%2Fsentinel-agency-f1c54f|target:_blank|rel:nofollow&#8220; el_class=&#8220;cta-btn&#8220;][\/vc_column_inner][\/vc_row_inner][vc_video link=&#8220;https:\/\/www.youtube.com\/watch?v=l3IOiCS77XI&#8220; align=&#8220;center&#8220;][\/vc_column][\/vc_row][\/vc_section][vc_section el_id=&#8220;about&#8220;][vc_row][vc_column][vc_column_text]<\/p>\n<div class=\"hr-heading\">\n<hr \/>\n<h1>\u00dcber uns<\/h1>\n<hr \/>\n<\/div>\n<p>[\/vc_column_text][vc_column_text]Wir sind ein leidenschaftlicher Entwickler und Publisher aus Norddeutschland nahe der Nordsee und haben mit \u00fcber 30 Jahren Spielerfahrung viele tolle Stunden erlebt. Gegr\u00fcndet wurde unser Studio 2021 in Stade und es besteht aus langj\u00e4hrig erfahrenen und begeisterten nationalen und internationalen Programmierern, Designern und Projekt-Managern, die mit sehr viel Hingabe Games f\u00fcr Gamer entwickeln. Am liebsten spielen wir Action-Rollenspiele, Tower-Defense, Strategie und Shooter.<\/p>\n<p>Unser Ziel ist es Spiele zu schaffen, welche das Leben der Spieler so pr\u00e4gt, wie sie es in unserer Kindheit getan haben und noch immer tun. Denn daf\u00fcr ist es, wof\u00fcr Spiele gemacht sein sollten: Welten zu erschaffen.<\/p>\n<p>Seid bereit f\u00fcr einige coole Sachen![\/vc_column_text][\/vc_column][\/vc_row][\/vc_section][vc_section el_id=&#8220;news&#8220; css=&#8220;.vc_custom_1712563573058{margin-top: 1em !important;margin-bottom: 3em !important;}&#8220;][vc_row][vc_column][vc_column_text]<\/p>\n<div class=\"hr-heading\">\n<hr \/>\n<h2>News<\/h2>\n<hr \/>\n<\/div>\n<p>[\/vc_column_text][\/vc_column][\/vc_row][vc_row][vc_column][vc_basic_grid post_type=&#8220;post&#8220; max_items=&#8220;3&#8243; item=&#8220;72&#8243; grid_id=&#8220;vc_gid:1763794228159-82a3f709-3967-8&#8243; taxonomies=&#8220;2&#8243;][\/vc_column][\/vc_row][vc_row][vc_column][vc_column_text el_class=&#8220;al-center&#8220;]Du willst keine Neuigkeiten verpassen? Dann <a class=\"scroll\" href=\"#newsletter\"><u>abonniere unseren Newsletter!<\/u><\/a>[\/vc_column_text][\/vc_column][\/vc_row][\/vc_section][vc_section full_width=&#8220;stretch_row&#8220; el_id=&#8220;newsletter&#8220; css=&#8220;.vc_custom_1712130682012{background-image: url(\/wp-content\/uploads\/2024\/04\/ScreenShot00135.png?id=20) !important;}&#8220;][vc_row][vc_column][vc_column_text]<\/p>\n<div class=\"hr-heading\">\n<hr \/>\n<h2>Erlebe Gaming auf einem neuen Niveau!<\/h2>\n<hr \/>\n<\/div>\n<p>[\/vc_column_text][\/vc_column][\/vc_row][vc_row][vc_column][vc_column_text el_class=&#8220;al-center nl-desc big&#8220;]Melde dich f\u00fcr den Phantomedia-Newsletter an und erhalte regelm\u00e4\u00dfig Informationen \u00fcber unsere neuesten Kreationen, kommende Projekte und exklusive Inhalte.[\/vc_column_text][\/vc_column][\/vc_row][vc_row][vc_column][vc_column_text]  \n  \n  <div class=\"\n    mailpoet_form_popup_overlay\n      \"><\/div>\n  <div\n    id=\"mailpoet_form_2\"\n    class=\"\n      mailpoet_form\n      mailpoet_form_shortcode\n      mailpoet_form_position_\n      mailpoet_form_animation_\n    \"\n      >\n\n    <style type=\"text\/css\">\n     #mailpoet_form_2 .mailpoet_form {  }\n#mailpoet_form_2 .mailpoet_column_with_background { padding: 10px; }\n#mailpoet_form_2 .mailpoet_form_column:not(:first-child) { margin-left: 20px; }\n#mailpoet_form_2 .mailpoet_paragraph { line-height: 20px; margin-bottom: 20px; }\n#mailpoet_form_2 .mailpoet_segment_label, #mailpoet_form_2 .mailpoet_text_label, #mailpoet_form_2 .mailpoet_textarea_label, #mailpoet_form_2 .mailpoet_select_label, #mailpoet_form_2 .mailpoet_radio_label, #mailpoet_form_2 .mailpoet_checkbox_label, #mailpoet_form_2 .mailpoet_list_label, #mailpoet_form_2 .mailpoet_date_label { display: block; font-weight: normal; }\n#mailpoet_form_2 .mailpoet_text, #mailpoet_form_2 .mailpoet_textarea, #mailpoet_form_2 .mailpoet_select, #mailpoet_form_2 .mailpoet_date_month, #mailpoet_form_2 .mailpoet_date_day, #mailpoet_form_2 .mailpoet_date_year, #mailpoet_form_2 .mailpoet_date { display: block; }\n#mailpoet_form_2 .mailpoet_text, #mailpoet_form_2 .mailpoet_textarea { width: 200px; }\n#mailpoet_form_2 .mailpoet_checkbox {  }\n#mailpoet_form_2 .mailpoet_submit {  }\n#mailpoet_form_2 .mailpoet_divider {  }\n#mailpoet_form_2 .mailpoet_message {  }\n#mailpoet_form_2 .mailpoet_form_loading { width: 30px; text-align: center; line-height: normal; }\n#mailpoet_form_2 .mailpoet_form_loading > span { width: 5px; height: 5px; background-color: #5b5b5b; }#mailpoet_form_2{border-radius: 0px;text-align: left;}#mailpoet_form_2 form.mailpoet_form {padding: 20px;}#mailpoet_form_2{width: 100%;}#mailpoet_form_2 .mailpoet_message {margin: 0; padding: 0 20px;}#mailpoet_form_2 .mailpoet_paragraph.last {margin-bottom: 0} @media (max-width: 500px) {#mailpoet_form_2 {background-image: none;}} @media (min-width: 500px) {#mailpoet_form_2 .last .mailpoet_paragraph:last-child {margin-bottom: 0}}  @media (max-width: 500px) {#mailpoet_form_2 .mailpoet_form_column:last-child .mailpoet_paragraph:last-child {margin-bottom: 0}} \n    <\/style>\n\n    <form\n      target=\"_self\"\n      method=\"post\"\n      action=\"https:\/\/phanto.media\/wp-admin\/admin-post.php?action=mailpoet_subscription_form\"\n      class=\"mailpoet_form mailpoet_form_form mailpoet_form_shortcode\"\n      novalidate\n      data-delay=\"\"\n      data-exit-intent-enabled=\"\"\n      data-font-family=\"\"\n      data-cookie-expiration-time=\"\"\n    >\n      <input type=\"hidden\" name=\"data[form_id]\" value=\"2\" \/>\n      <input type=\"hidden\" name=\"token\" value=\"c62d148746\" \/>\n      <input type=\"hidden\" name=\"api_version\" value=\"v1\" \/>\n      <input type=\"hidden\" name=\"endpoint\" value=\"subscribers\" \/>\n      <input type=\"hidden\" name=\"mailpoet_method\" value=\"subscribe\" \/>\n\n      <label class=\"mailpoet_hp_email_label\" style=\"display: none !important;\">Bitte dieses Feld leer lassen<input type=\"email\" name=\"data[email]\"\/><\/label><div class=\"mailpoet_paragraph \"><label for=\"form_email_2\" class=\"mailpoet-screen-reader-text\" data-automation-id=\"form_email_label\" >E-Mail Adresse <span class=\"mailpoet_required\">*<\/span><\/label><input type=\"email\" autocomplete=\"email\" class=\"mailpoet_text\" id=\"form_email_2\" name=\"data[form_field_MmM3YTYwOWFjNmVlX2VtYWls]\" title=\"E-Mail Adresse\" value=\"\" style=\"width:100%;box-sizing:border-box;padding:5px;margin: 0 auto 0 0;\" data-automation-id=\"form_email\"  placeholder=\"E-Mail Adresse *\" data-parsley-required=\"true\" data-parsley-minlength=\"6\" data-parsley-maxlength=\"150\" data-parsley-type-message=\"Dieser Wert sollte eine g\u00fcltige E-Mail-Adresse sein.\" data-parsley-errors-container=\".mailpoet_error_email_\" data-parsley-required-message=\"Dieses Feld wird ben\u00f6tigt.\"\/><\/div>\n<div class=\"mailpoet_paragraph \"><input type=\"submit\" class=\"mailpoet_submit\" value=\"Abonnieren!\" data-automation-id=\"subscribe-submit-button\" style=\"width:100%;box-sizing:border-box;padding:5px;margin: 0 auto 0 0;border-color:transparent;\" \/><span class=\"mailpoet_form_loading\"><span class=\"mailpoet_bounce1\"><\/span><span class=\"mailpoet_bounce2\"><\/span><span class=\"mailpoet_bounce3\"><\/span><\/span><\/div>\n\n      <div class=\"mailpoet_message\">\n        <p class=\"mailpoet_validate_success\"\n                style=\"display:none;\"\n                >\u00dcberpr\u00fcfen deinen Posteingang oder Spam-Ordner, um dein Abonnement zu best\u00e4tigen.\n        <\/p>\n        <p class=\"mailpoet_validate_error\"\n                style=\"display:none;\"\n                >        <\/p>\n      <\/div>\n    <\/form>\n\n      <\/div>\n\n  [\/vc_column_text][\/vc_column][\/vc_row][\/vc_section]<\/p>\n<\/div>","protected":false},"excerpt":{"rendered":"<p>[vc_section full_width=&#8220;stretch_row_content&#8220; el_id=&#8220;intro&#8220; css=&#8220;.vc_custom_1712135300249{background-image: url(\/wp-content\/uploads\/2024\/04\/HeaderPicture.png?id=18) !important;}&#8220;][vc_row full_width=&#8220;stretch_row_content_no_spaces&#8220;][vc_column][vc_single_image image=&#8220;18&#8243; img_size=&#8220;full&#8220; alignment=&#8220;center&#8220; css=&#8220;.vc_custom_1712130483110{margin-bottom: 0px !important;}&#8220;][\/vc_column][\/vc_row][\/vc_section][vc_section full_width=&#8220;stretch_row_content&#8220; el_id=&#8220;second-intro&#8220; css=&#8220;.vc_custom_1733817920993{background-image: url(https:\/\/phanto.media\/wp-content\/uploads\/2024\/12\/ScreenShot00113.png?id=101) !important;}&#8220;][vc_row full_width=&#8220;stretch_row_content_no_spaces&#8220;][vc_column][vc_single_image image=&#8220;103&#8243; img_size=&#8220;full&#8220; alignment=&#8220;center&#8220; css=&#8220;.vc_custom_1733817944130{margin-bottom: 0px !important;}&#8220;][\/vc_column][\/vc_row][\/vc_section][vc_section][vc_row][vc_column][vc_column_text] Sentinal<span class=\"excerpt-hellip\"> [\u2026]<\/span><\/p>\n","protected":false},"author":1,"featured_media":0,"parent":0,"menu_order":0,"comment_status":"closed","ping_status":"closed","template":"","meta":{"footnotes":""},"class_list":["post-78","page","type-page","status-publish","hentry"],"yoast_head":"<!-- This site is optimized with the Yoast SEO plugin v22.4 - https:\/\/yoast.com\/wordpress\/plugins\/seo\/ -->\n<title>Home - Phantomedia<\/title>\n<meta name=\"robots\" content=\"index, follow, max-snippet:-1, max-image-preview:large, max-video-preview:-1\" \/>\n<link rel=\"canonical\" href=\"https:\/\/phanto.media\/de\/\" \/>\n<meta property=\"og:locale\" content=\"de_DE\" \/>\n<meta property=\"og:type\" content=\"article\" \/>\n<meta property=\"og:title\" content=\"Home - Phantomedia\" \/>\n<meta property=\"og:description\" content=\"[vc_section full_width=&#8220;stretch_row_content&#8220; el_id=&#8220;intro&#8220; css=&#8220;.vc_custom_1712135300249{background-image: url(\/wp-content\/uploads\/2024\/04\/HeaderPicture.png?id=18) !important;}&#8220;][vc_row full_width=&#8220;stretch_row_content_no_spaces&#8220;][vc_column][vc_single_image image=&#8220;18&#8243; img_size=&#8220;full&#8220; alignment=&#8220;center&#8220; css=&#8220;.vc_custom_1712130483110{margin-bottom: 0px !important;}&#8220;][\/vc_column][\/vc_row][\/vc_section][vc_section full_width=&#8220;stretch_row_content&#8220; el_id=&#8220;second-intro&#8220; css=&#8220;.vc_custom_1733817920993{background-image: url(https:\/\/phanto.media\/wp-content\/uploads\/2024\/12\/ScreenShot00113.png?id=101) !important;}&#8220;][vc_row full_width=&#8220;stretch_row_content_no_spaces&#8220;][vc_column][vc_single_image image=&#8220;103&#8243; img_size=&#8220;full&#8220; alignment=&#8220;center&#8220; css=&#8220;.vc_custom_1733817944130{margin-bottom: 0px !important;}&#8220;][\/vc_column][\/vc_row][\/vc_section][vc_section][vc_row][vc_column][vc_column_text] Sentinal [\u2026]\" \/>\n<meta property=\"og:url\" content=\"https:\/\/phanto.media\/de\/\" \/>\n<meta property=\"og:site_name\" content=\"Phantomedia\" \/>\n<meta property=\"article:modified_time\" content=\"2025-11-22T06:50:33+00:00\" \/>\n<meta name=\"twitter:card\" content=\"summary_large_image\" \/>\n<meta name=\"twitter:label1\" content=\"Gesch\u00e4tzte Lesezeit\" \/>\n\t<meta name=\"twitter:data1\" content=\"2\u00a0Minuten\" \/>\n<script type=\"application\/ld+json\" class=\"yoast-schema-graph\">{\"@context\":\"https:\/\/schema.org\",\"@graph\":[{\"@type\":\"WebPage\",\"@id\":\"https:\/\/phanto.media\/de\/\",\"url\":\"https:\/\/phanto.media\/de\/\",\"name\":\"Home - Phantomedia\",\"isPartOf\":{\"@id\":\"https:\/\/phanto.media\/#website\"},\"datePublished\":\"2024-04-03T07:52:43+00:00\",\"dateModified\":\"2025-11-22T06:50:33+00:00\",\"breadcrumb\":{\"@id\":\"https:\/\/phanto.media\/de\/#breadcrumb\"},\"inLanguage\":\"de\",\"potentialAction\":[{\"@type\":\"ReadAction\",\"target\":[\"https:\/\/phanto.media\/de\/\"]}]},{\"@type\":\"BreadcrumbList\",\"@id\":\"https:\/\/phanto.media\/de\/#breadcrumb\",\"itemListElement\":[{\"@type\":\"ListItem\",\"position\":1,\"name\":\"Home\",\"item\":\"https:\/\/phanto.media\/de\/\"},{\"@type\":\"ListItem\",\"position\":2,\"name\":\"Home\"}]},{\"@type\":\"WebSite\",\"@id\":\"https:\/\/phanto.media\/#website\",\"url\":\"https:\/\/phanto.media\/\",\"name\":\"Phantomedia\",\"description\":\"\",\"inLanguage\":\"de\"}]}<\/script>\n<!-- \/ Yoast SEO plugin. -->","yoast_head_json":{"title":"Home - Phantomedia","robots":{"index":"index","follow":"follow","max-snippet":"max-snippet:-1","max-image-preview":"max-image-preview:large","max-video-preview":"max-video-preview:-1"},"canonical":"https:\/\/phanto.media\/de\/","og_locale":"de_DE","og_type":"article","og_title":"Home - Phantomedia","og_description":"[vc_section full_width=&#8220;stretch_row_content&#8220; el_id=&#8220;intro&#8220; css=&#8220;.vc_custom_1712135300249{background-image: url(\/wp-content\/uploads\/2024\/04\/HeaderPicture.png?id=18) !important;}&#8220;][vc_row full_width=&#8220;stretch_row_content_no_spaces&#8220;][vc_column][vc_single_image image=&#8220;18&#8243; img_size=&#8220;full&#8220; alignment=&#8220;center&#8220; css=&#8220;.vc_custom_1712130483110{margin-bottom: 0px !important;}&#8220;][\/vc_column][\/vc_row][\/vc_section][vc_section full_width=&#8220;stretch_row_content&#8220; el_id=&#8220;second-intro&#8220; css=&#8220;.vc_custom_1733817920993{background-image: url(https:\/\/phanto.media\/wp-content\/uploads\/2024\/12\/ScreenShot00113.png?id=101) !important;}&#8220;][vc_row full_width=&#8220;stretch_row_content_no_spaces&#8220;][vc_column][vc_single_image image=&#8220;103&#8243; img_size=&#8220;full&#8220; alignment=&#8220;center&#8220; css=&#8220;.vc_custom_1733817944130{margin-bottom: 0px !important;}&#8220;][\/vc_column][\/vc_row][\/vc_section][vc_section][vc_row][vc_column][vc_column_text] Sentinal [\u2026]","og_url":"https:\/\/phanto.media\/de\/","og_site_name":"Phantomedia","article_modified_time":"2025-11-22T06:50:33+00:00","twitter_card":"summary_large_image","twitter_misc":{"Gesch\u00e4tzte Lesezeit":"2\u00a0Minuten"},"schema":{"@context":"https:\/\/schema.org","@graph":[{"@type":"WebPage","@id":"https:\/\/phanto.media\/de\/","url":"https:\/\/phanto.media\/de\/","name":"Home - Phantomedia","isPartOf":{"@id":"https:\/\/phanto.media\/#website"},"datePublished":"2024-04-03T07:52:43+00:00","dateModified":"2025-11-22T06:50:33+00:00","breadcrumb":{"@id":"https:\/\/phanto.media\/de\/#breadcrumb"},"inLanguage":"de","potentialAction":[{"@type":"ReadAction","target":["https:\/\/phanto.media\/de\/"]}]},{"@type":"BreadcrumbList","@id":"https:\/\/phanto.media\/de\/#breadcrumb","itemListElement":[{"@type":"ListItem","position":1,"name":"Home","item":"https:\/\/phanto.media\/de\/"},{"@type":"ListItem","position":2,"name":"Home"}]},{"@type":"WebSite","@id":"https:\/\/phanto.media\/#website","url":"https:\/\/phanto.media\/","name":"Phantomedia","description":"","inLanguage":"de"}]}},"_links":{"self":[{"href":"https:\/\/phanto.media\/de\/wp-json\/wp\/v2\/pages\/78","targetHints":{"allow":["GET"]}}],"collection":[{"href":"https:\/\/phanto.media\/de\/wp-json\/wp\/v2\/pages"}],"about":[{"href":"https:\/\/phanto.media\/de\/wp-json\/wp\/v2\/types\/page"}],"author":[{"embeddable":true,"href":"https:\/\/phanto.media\/de\/wp-json\/wp\/v2\/users\/1"}],"replies":[{"embeddable":true,"href":"https:\/\/phanto.media\/de\/wp-json\/wp\/v2\/comments?post=78"}],"version-history":[{"count":7,"href":"https:\/\/phanto.media\/de\/wp-json\/wp\/v2\/pages\/78\/revisions"}],"predecessor-version":[{"id":176,"href":"https:\/\/phanto.media\/de\/wp-json\/wp\/v2\/pages\/78\/revisions\/176"}],"wp:attachment":[{"href":"https:\/\/phanto.media\/de\/wp-json\/wp\/v2\/media?parent=78"}],"curies":[{"name":"wp","href":"https:\/\/api.w.org\/{rel}","templated":true}]}}